{"id":429,"date":"2015-06-29T14:33:54","date_gmt":"2015-06-29T14:33:54","guid":{"rendered":"http:\/\/www.leadingthechange.com\/?page_id=429"},"modified":"2015-12-10T09:23:56","modified_gmt":"2015-12-10T09:23:56","slug":"rrssgri","status":"publish","type":"page","link":"https:\/\/www.leadingthechange.com\/en\/rrssgri\/","title":{"rendered":"RRSSGRI"},"content":{"rendered":"<div class=\"et_pb_section et_pb_fullwidth_section et_section_regular\">\r\n\t\t\t\r\n\t\t\t\r\n\t\t\t\t\r\n\t\t\t\t<div class=\"et_pb_fullwidth_menu et_pb_bg_layout_dark et_pb_text_align_right\" style=\"background-color: #166086;\" data-bg_color=#166086>\r\n\t\t\t<div class=\"et_pb_row clearfix\">\r\n\t\t\t\t<nav class=\"fullwidth-menu-nav\"><ul id=\"menu-rrss\" class=\"fullwidth-menu nav downwards\"><li id=\"menu-item-414\" class=\"menu-item menu-item-type-post_type menu-item-object-page menu-item-414 menu-item-rrss first-menu-item\"><a href=\"https:\/\/www.leadingthechange.com\/en\/rrss\/\">Leading the Change<\/a><\/li>\n<li id=\"menu-item-415\" class=\"menu-item menu-item-type-post_type menu-item-object-page menu-item-415 menu-item-rrssgonvarri \"><a href=\"https:\/\/www.leadingthechange.com\/en\/rrssgonvarri\/\">Gonvarri Industries<\/a><\/li>\n<li id=\"menu-item-440\" class=\"menu-item menu-item-type-post_type menu-item-object-page menu-item-440 menu-item-rrssgri last-menu-item\"><a href=\"https:\/\/www.leadingthechange.com\/en\/rrssgri\/\">GRI Renewable Industries<\/a><\/li>\n<\/ul><\/nav>\r\n\t\t\t\t<div class=\"et_mobile_nav_menu\">\r\n\t\t\t\t\t<a href=\"#\" class=\"mobile_nav closed\">\r\n\t\t\t\t\t\t<span class=\"mobile_menu_bar\"><\/span>\r\n\t\t\t\t\t<\/a>\r\n\t\t\t\t<\/div>\r\n\t\t\t<\/div>\r\n\t\t<\/div>\r\n\t\t\t\r\n\t\t<\/div> <!-- .et_pb_section --><div class=\"et_pb_section et_section_regular\">\r\n\t\t\t\r\n\t\t\t\r\n\t\t\t\t\r\n\t\t\t\t<div class=\"et_pb_row\">\r\n\t\t\t<div class=\"et_pb_column et_pb_column_1_3\">\r\n\t\t\t<div class=\"et_pb_text et_pb_bg_layout_light et_pb_text_align_left\">\r\n\t\t\t\n<p><a href=\"http:\/\/www.leadingthechange.com\/wp-content\/uploads\/2015\/06\/logogri.jpg\"><img decoding=\"async\" loading=\"lazy\" class=\"alignnone wp-image-463\" src=\"http:\/\/www.leadingthechange.com\/wp-content\/uploads\/2015\/06\/logogri.jpg\" alt=\"logogri\" width=\"198\" height=\"72\" \/><\/a><\/p>\n<h1><\/h1>\n\r\n\t\t<\/div> <!-- .et_pb_text -->\r\n\t\t<\/div> <!-- .et_pb_column --><div class=\"et_pb_column et_pb_column_2_3\">\r\n\t\t\t<hr class=\"et_pb_space\" style='height:10px;' \/><ul class=\"et_pb_social_media_follow et_pb_bg_layout_light has_follow_button clearfix\">\r\n\t\t\t<li class=\"et_pb_social_icon et_pb_social_network_link et-social-twitter\">\r\n\t\t\t<a href=\"https:\/\/twitter.com\/GRIRenInd\" class=\"icon circle\" title=\"Twitter\" target=\"_blank\" style=\"background-color: #00aced;\"><span>Twitter<\/span><\/a>\r\n\t\t\t<a href=\"https:\/\/twitter.com\/GRIRenInd\" class=\"follow_button\" title=\"Twitter\" target=\"_blank\">Follow<\/a>\r\n\t\t<\/li><li class=\"et_pb_social_icon et_pb_social_network_link et-social-linkedin\">\r\n\t\t\t<a href=\"https:\/\/www.linkedin.com\/company\/2298751?trk=cws-btn-overview-0-0\" class=\"icon circle\" title=\"LinkedIn\" target=\"_blank\" style=\"background-color: #007bb6;\"><span>LinkedIn<\/span><\/a>\r\n\t\t\t<a href=\"https:\/\/www.linkedin.com\/company\/2298751?trk=cws-btn-overview-0-0\" class=\"follow_button\" title=\"LinkedIn\" target=\"_blank\">Follow<\/a>\r\n\t\t<\/li><li class=\"et_pb_social_icon et_pb_social_network_link et-social-youtube\">\r\n\t\t\t<a href=\"https:\/\/www.youtube.com\/channel\/UCuzSFc1qjmnAnSrHd23kTwg\" class=\"icon circle\" title=\"Youtube\" target=\"_blank\" style=\"background-color: #a82400;\"><span>Youtube<\/span><\/a>\r\n\t\t\t<a href=\"https:\/\/www.youtube.com\/channel\/UCuzSFc1qjmnAnSrHd23kTwg\" class=\"follow_button\" title=\"Youtube\" target=\"_blank\">Follow<\/a>\r\n\t\t<\/li><li class=\"et_pb_social_icon et_pb_social_network_link et-social-flikr\">\r\n\t\t\t<a href=\"https:\/\/www.flickr.com\/photos\/132561525@N06\/\" class=\"icon circle\" title=\"flikr\" target=\"_blank\" style=\"background-color: #ff0084;\"><span>flikr<\/span><\/a>\r\n\t\t\t<a href=\"https:\/\/www.flickr.com\/photos\/132561525@N06\/\" class=\"follow_button\" title=\"flikr\" target=\"_blank\">Follow<\/a>\r\n\t\t<\/li><li class=\"et_pb_social_icon et_pb_social_network_link et-social-rss\">\r\n\t\t\t<a href=\"http:\/\/www.gri.com.es\/feed\/news\" class=\"icon circle\" title=\"RSS\" target=\"_blank\" style=\"background-color: #ff8a3c;\"><span>RSS<\/span><\/a>\r\n\t\t\t<a href=\"http:\/\/www.gri.com.es\/feed\/news\" class=\"follow_button\" title=\"RSS\" target=\"_blank\">Follow<\/a>\r\n\t\t<\/li>\r\n\t\t<\/ul> <!-- .et_pb_counters -->\r\n\t\t<\/div> <!-- .et_pb_column -->\r\n\t\t<\/div> <!-- .et_pb_row --><div class=\"et_pb_row\">\r\n\t\t\t<div class=\"et_pb_column et_pb_column_1_2\">\r\n\t\t\t<div class=\"et_pb_text et_pb_bg_layout_light et_pb_text_align_left\">\r\n\t\t\t\n<h2><a href=\"https:\/\/twitter.com\/GRIRenInd\" target=\"_blank\"><img decoding=\"async\" loading=\"lazy\" class=\"alignnone wp-image-408\" src=\"http:\/\/www.leadingthechange.com\/wp-content\/uploads\/2015\/06\/iconotwitterwebLTC.png\" alt=\"iconotwitterwebLTC\" width=\"30\" height=\"30\" srcset=\"https:\/\/www.leadingthechange.com\/wp-content\/uploads\/2015\/06\/iconotwitterwebLTC.png 162w, https:\/\/www.leadingthechange.com\/wp-content\/uploads\/2015\/06\/iconotwitterwebLTC-150x150.png 150w\" sizes=\"(max-width: 30px) 100vw, 30px\" \/><\/a> \u00a0<span style=\"color: #6587a8;\"><a href=\"https:\/\/twitter.com\/GRIRenInd\" target=\"_blank\">TWITTER<\/a><\/span><\/h2>\n<hr style=\"color: #6587a8;\" \/>\n\r\n\t\t<\/div> <!-- .et_pb_text --><div class=\"et_pb_text et_pb_bg_layout_light et_pb_text_align_left\">\r\n\t\t\t\n<p><a class=\"twitter-timeline\" href=\"https:\/\/twitter.com\/GRIRenInd\" data-widget-id=\"621601577313431552\">Tweets por el @GRIRenInd.<\/a><\/p>\n<p><script>\/\/ <!&#091;CDATA&#091;\n!function(d,s,id){var js,fjs=d.getElementsByTagName(s)&#091;0&#093;,p=\/^http:\/.test(d.location)?'http':'https';if(!d.getElementById(id)){js=d.createElement(s);js.id=id;js.src=p+\":\/\/platform.twitter.com\/widgets.js\";fjs.parentNode.insertBefore(js,fjs);}}(document,\"script\",\"twitter-wjs\");\n\/\/ &#093;&#093;><\/script><\/p>\n\r\n\t\t<\/div> <!-- .et_pb_text --><div class=\"et_pb_text et_pb_bg_layout_light et_pb_text_align_left\">\r\n\t\t\t\n<h2><a href=\"https:\/\/www.youtube.com\/channel\/UCuzSFc1qjmnAnSrHd23kTwg\" target=\"_blank\"><img decoding=\"async\" loading=\"lazy\" class=\"alignnone wp-image-384\" src=\"http:\/\/www.leadingthechange.com\/wp-content\/uploads\/2015\/06\/iconoyoutubewebLTC.png\" alt=\"iconoyoutubewebLTC\" width=\"30\" height=\"31\" \/><\/a>\u00a0 \u00a0<span style=\"color: #6587a8;\"><a href=\"https:\/\/www.youtube.com\/channel\/UCuzSFc1qjmnAnSrHd23kTwg\" target=\"_blank\">YOUTUBE<\/a><\/span><\/h2>\n<hr style=\"color: #6587a8;\" \/>\n<p>&nbsp;<\/p>\n\r\n\t\t<\/div> <!-- .et_pb_text --><div class=\"et_pb_text et_pb_bg_layout_light et_pb_text_align_left\">\r\n\t\t\t<div id=\"ypt_wrapper\">\n     <div class=\"video\">\n      <div id=\"player\" data-pl=\"PLtGtqGSTp13z0myZT33hJp2hCib3WOIhk\"><\/div>\n    <\/div>\n    <ul id=\"ypt_thumbs\"><\/ul>\n  <\/div>\r\n\t\t<\/div> <!-- .et_pb_text -->\r\n\t\t<\/div> <!-- .et_pb_column --><div class=\"et_pb_column et_pb_column_1_2\">\r\n\t\t\t<div class=\"et_pb_text et_pb_bg_layout_light et_pb_text_align_left\">\r\n\t\t\t\n<h2><a href=\"https:\/\/www.flickr.com\/photos\/132561525@N06\/\" target=\"_blank\"><img decoding=\"async\" loading=\"lazy\" class=\"alignnone wp-image-406\" src=\"http:\/\/www.leadingthechange.com\/wp-content\/uploads\/2015\/06\/iconoflickrwebLTC.png\" alt=\"iconoflickrwebLTC\" width=\"26\" height=\"26\" srcset=\"https:\/\/www.leadingthechange.com\/wp-content\/uploads\/2015\/06\/iconoflickrwebLTC.png 163w, https:\/\/www.leadingthechange.com\/wp-content\/uploads\/2015\/06\/iconoflickrwebLTC-150x150.png 150w\" sizes=\"(max-width: 26px) 100vw, 26px\" \/><\/a>\u00a0 \u00a0<span style=\"color: #6587a8;\"><a href=\"https:\/\/www.flickr.com\/photos\/132561525@N06\/\" target=\"_blank\">FLICKR<\/a><\/span><\/h2>\n<hr style=\"color: #6587a8;\" \/>\n<p>&nbsp;<\/p>\n\r\n\t\t<\/div> <!-- .et_pb_text --><div class=\"et_pb_text et_pb_bg_layout_light et_pb_text_align_center\">\r\n\t\t\t\t\t\t\n\t\t\t<!-- Blueimp gallery -->\n\t\t\t<div id=\"blueimp-gallery\" class=\"blueimp-gallery blueimp-gallery-controls\">\n\t\t\t\t<div class=\"slides\"><\/div>\n\t\t\t\t<h3 class=\"title\"><\/h3>\n\t\t\t\t<a class=\"prev\">\u2039<\/a>\n\t\t\t\t<a class=\"next\">\u203a<\/a>\n\t\t\t\t<a class=\"close\">\u00d7<\/a>\n\t\t\t\t<a class=\"play-pause\"><\/a>\n\t\t\t\t<ol class=\"indicator\"><\/ol>\n\t\t\t\t<div class=\"modal fade\">\n\t\t\t\t\t<div class=\"modal-dialog\">\n\t\t\t\t\t\t<div class=\"modal-content\">\n\t\t\t\t\t\t\t<div class=\"modal-header\">\n\t\t\t\t\t\t\t\t<button type=\"button\" class=\"close\" aria-hidden=\"true\">&times;<\/button>\n\t\t\t\t\t\t\t\t<h4 class=\"modal-title\"><\/h4>\n\t\t\t\t\t\t\t<\/div>\n\t\t\t\t\t\t\t<div class=\"modal-body next\"><\/div>\n\t\t\t\t\t\t\t<div class=\"modal-footer\">\n\t\t\t\t\t\t\t\t<button type=\"button\" class=\"btn btn-default pull-left prev\">\n\t\t\t\t\t\t\t\t\t<i class=\"glyphicon glyphicon-chevron-left\"><\/i>\n\t\t\t\t\t\t\t\t\tPrevious\t\t\t\t\t\t\t\t<\/button>\n\t\t\t\t\t\t\t\t<button type=\"button\" class=\"btn btn-primary next\">\n\t\t\t\t\t\t\t\t\tNext\t\t\t\t\t\t\t\t\t<i class=\"glyphicon glyphicon-chevron-right\"><\/i>\n\t\t\t\t\t\t\t\t<\/button>\n\t\t\t\t\t\t\t<\/div>\n\t\t\t\t\t\t<\/div>\n\t\t\t\t\t<\/div>\n\t\t\t\t<\/div>\n\t\t\t<\/div>\n\t\t\t<script type=\"text\/javascript\">\n\t\t\tjQuery(function() {\n\t\t\t\t\/\/ Set blueimp gallery options\n\t\t\t\tjQuery.extend(blueimp.Gallery.prototype.options, {\n\t\t\t\t\tuseBootstrapModal: false,\n\t\t\t\t\thidePageScrollbars: false\n\t\t\t\t});\n\t\t\t});\n\t\t\t<\/script>\n\t\t\t\r\n\t\t<\/div> <!-- .et_pb_text -->\r\n\t\t<\/div> <!-- .et_pb_column -->\r\n\t\t<\/div> <!-- .et_pb_row --><div class=\"et_pb_row\">\r\n\t\t\t<div class=\"et_pb_column et_pb_column_1_2\">\r\n\t\t\t<div class=\"et_pb_text et_pb_bg_layout_light et_pb_text_align_left\">\r\n\t\t\t\n<h2><a href=\"https:\/\/www.linkedin.com\/company\/2298751?trk=cws-btn-overview-0-0\" target=\"_blank\"><img decoding=\"async\" loading=\"lazy\" class=\"alignnone wp-image-409\" src=\"http:\/\/www.leadingthechange.com\/wp-content\/uploads\/2015\/06\/iconolinkedinwebLTC-300x300.png\" alt=\"iconolinkedinwebLTC\" width=\"28\" height=\"28\" srcset=\"https:\/\/www.leadingthechange.com\/wp-content\/uploads\/2015\/06\/iconolinkedinwebLTC-300x300.png 300w, https:\/\/www.leadingthechange.com\/wp-content\/uploads\/2015\/06\/iconolinkedinwebLTC-150x150.png 150w, https:\/\/www.leadingthechange.com\/wp-content\/uploads\/2015\/06\/iconolinkedinwebLTC.png 511w\" sizes=\"(max-width: 28px) 100vw, 28px\" \/><\/a> \u00a0<span style=\"color: #6587a8;\"><a href=\"https:\/\/www.linkedin.com\/company\/2298751?trk=cws-btn-overview-0-0\" target=\"_blank\">LINKEDIN<\/a><\/span><\/h2>\n<hr style=\"color: #6587a8;\" \/>\n<p>&nbsp;<\/p>\n\r\n\t\t<\/div> <!-- .et_pb_text --><div class=\"et_pb_text et_pb_bg_layout_light et_pb_text_align_center\">\r\n\t\t\t\n<p><script src=\"\/\/platform.linkedin.com\/in.js\" type=\"text\/javascript\"><\/script>\u00a0<script type=\"IN\/CompanyProfile\" data-id=\"2298751\" data-format=\"inline\" data-related=\"false\"><\/script>\r\n\t\t<\/div> <!-- .et_pb_text -->\r\n\t\t<\/div> <!-- .et_pb_column --><div class=\"et_pb_column et_pb_column_1_2\">\r\n\t\t\t<div class=\"et_pb_text et_pb_bg_layout_light et_pb_text_align_left\">\r\n\t\t\t\n<h2><img decoding=\"async\" loading=\"lazy\" class=\"alignnone wp-image-568\" src=\"http:\/\/www.leadingthechange.com\/wp-content\/uploads\/2015\/06\/iconomoresocialwebLTC.png\" alt=\"iconomoresocialwebLTC\" width=\"35\" height=\"35\" srcset=\"https:\/\/www.leadingthechange.com\/wp-content\/uploads\/2015\/06\/iconomoresocialwebLTC.png 158w, https:\/\/www.leadingthechange.com\/wp-content\/uploads\/2015\/06\/iconomoresocialwebLTC-150x150.png 150w\" sizes=\"(max-width: 35px) 100vw, 35px\" \/> \u00a0<span style=\"color: #6587a8;\">TAMBI\u00c9N ESTAMOS EN<\/span><\/h2>\n<hr style=\"color: #6587a8;\" \/>\n<p>&nbsp;<\/p>\n\r\n\t\t<\/div> <!-- .et_pb_text --><div class=\"et_pb_text et_pb_bg_layout_light et_pb_text_align_left\">\r\n\t\t\t\n<p>Toda nuestra documentaci\u00f3n (memorias, reportes, notas de prensa, presentaciones&#8230;) son p\u00fablicos y de acceso libre. Puedes acceder a ellos y seguirnos tambi\u00e9n en los siguientes canales sociales:<\/p>\n<p>&nbsp;<\/p>\n<p><a href=\"https:\/\/es.scribd.com\/gonvarristeelind\/\" target=\"_blank\"><img decoding=\"async\" loading=\"lazy\" class=\" wp-image-510 alignleft\" src=\"http:\/\/www.leadingthechange.com\/wp-content\/uploads\/2015\/06\/iconscribdwebLTC.png\" alt=\"iconscribdwebLTC\" width=\"60\" height=\"60\" srcset=\"https:\/\/www.leadingthechange.com\/wp-content\/uploads\/2015\/06\/iconscribdwebLTC.png 163w, https:\/\/www.leadingthechange.com\/wp-content\/uploads\/2015\/06\/iconscribdwebLTC-150x150.png 150w\" sizes=\"(max-width: 60px) 100vw, 60px\" \/><\/a>\u00a0\u00a0<a href=\"http:\/\/issuu.com\/gestamprenewableindustries\" target=\"_blank\"><img decoding=\"async\" loading=\"lazy\" class=\"wp-image-524 alignleft\" src=\"http:\/\/www.leadingthechange.com\/wp-content\/uploads\/2015\/06\/iconoissuuwebLTC.png\" alt=\"iconoissuuwebLTC\" width=\"65\" height=\"65\" srcset=\"https:\/\/www.leadingthechange.com\/wp-content\/uploads\/2015\/06\/iconoissuuwebLTC.png 200w, https:\/\/www.leadingthechange.com\/wp-content\/uploads\/2015\/06\/iconoissuuwebLTC-150x150.png 150w\" sizes=\"(max-width: 65px) 100vw, 65px\" \/><\/a><a href=\"http:\/\/es.slideshare.net\/Gestamprenind\" target=\"_blank\"><img decoding=\"async\" loading=\"lazy\" class=\" wp-image-453 alignleft\" src=\"http:\/\/www.leadingthechange.com\/wp-content\/uploads\/2015\/06\/iconoslidesharewebLTC-300x300.png\" alt=\"iconoslidesharewebLTC\" width=\"65\" height=\"65\" srcset=\"https:\/\/www.leadingthechange.com\/wp-content\/uploads\/2015\/06\/iconoslidesharewebLTC-300x300.png 300w, https:\/\/www.leadingthechange.com\/wp-content\/uploads\/2015\/06\/iconoslidesharewebLTC-150x150.png 150w, https:\/\/www.leadingthechange.com\/wp-content\/uploads\/2015\/06\/iconoslidesharewebLTC.png 512w\" sizes=\"(max-width: 65px) 100vw, 65px\" \/><\/a><\/p>\n\r\n\t\t<\/div> <!-- .et_pb_text -->\r\n\t\t<\/div> <!-- .et_pb_column -->\r\n\t\t<\/div> <!-- .et_pb_row --><div class=\"et_pb_row\">\r\n\t\t\t<div class=\"et_pb_column et_pb_column_1_2 et_pb_column_empty\">\r\n\t\t\t\r\n\t\t<\/div> <!-- .et_pb_column --><div class=\"et_pb_column et_pb_column_1_2 et_pb_column_empty\">\r\n\t\t\t\r\n\t\t<\/div> <!-- .et_pb_column -->\r\n\t\t<\/div> <!-- .et_pb_row -->\r\n\t\t\t\r\n\t\t<\/div> <!-- .et_pb_section -->\n","protected":false},"excerpt":{"rendered":"","protected":false},"author":5,"featured_media":0,"parent":0,"menu_order":0,"comment_status":"open","ping_status":"open","template":"","meta":[],"_links":{"self":[{"href":"https:\/\/www.leadingthechange.com\/en\/wp-json\/wp\/v2\/pages\/429"}],"collection":[{"href":"https:\/\/www.leadingthechange.com\/en\/wp-json\/wp\/v2\/pages"}],"about":[{"href":"https:\/\/www.leadingthechange.com\/en\/wp-json\/wp\/v2\/types\/page"}],"author":[{"embeddable":true,"href":"https:\/\/www.leadingthechange.com\/en\/wp-json\/wp\/v2\/users\/5"}],"replies":[{"embeddable":true,"href":"https:\/\/www.leadingthechange.com\/en\/wp-json\/wp\/v2\/comments?post=429"}],"version-history":[{"count":54,"href":"https:\/\/www.leadingthechange.com\/en\/wp-json\/wp\/v2\/pages\/429\/revisions"}],"predecessor-version":[{"id":1173,"href":"https:\/\/www.leadingthechange.com\/en\/wp-json\/wp\/v2\/pages\/429\/revisions\/1173"}],"wp:attachment":[{"href":"https:\/\/www.leadingthechange.com\/en\/wp-json\/wp\/v2\/media?parent=429"}],"curies":[{"name":"wp","href":"https:\/\/api.w.org\/{rel}","templated":true}]}}